{"id":326,"date":"2025-10-21T09:29:43","date_gmt":"2025-10-21T09:29:43","guid":{"rendered":"https:\/\/w4dschoorl.nl\/?page_id=326"},"modified":"2025-10-21T09:43:25","modified_gmt":"2025-10-21T09:43:25","slug":"einschreibung","status":"publish","type":"page","link":"https:\/\/w4dschoorl.nl\/index.php\/einschreibung\/","title":{"rendered":"Einschreibung"},"content":{"rendered":"\n<p><a href=\"https:\/\/inschrijven.nl\/form\/2026092900979-de\">Registrierungs link<\/a> (Deutsche Sprache)<\/p>\n\n\n\n<p>Voranmeldung<br>Sie k\u00f6nnen sich bis zum 25. September 2026 vorregistrieren. Start und Ziel sind von 8:30 bis 17:00 Uhr ge\u00f6ffnet. Mit Voranmeldung ist auch eine tageweise Teilnahme m\u00f6glich.<\/p>\n\n\n\n<p>Voranmeldung: Anmeldung. (demn\u00e4chst verf\u00fcgbar)<br>Nach der Anmeldung: Nur am Start m\u00f6glich.<\/p>\n\n\n\n<p>Die Online-Anmeldung ist bis zum 25. September 2025 m\u00f6glich.<br>Sie k\u00f6nnen sich auch tageweise vorregistrieren.<br>Am Veranstaltungstag selbst k\u00f6nnen Sie diesen Tag auch gegen einen anderen tauschen.<\/p>\n\n\n\n<p>Kinder (bis 16 Jahre) nehmen kostenlos teil.<\/p>\n\n\n\n<p>Anmeldegeb\u00fchr<br>Preis: 35,00 \u20ac f\u00fcr 4 Tage. Rabatt: 2,00 \u20ac f\u00fcr 4 Tage mit KWBN- und SGWB-Mitgliedschaft.<br>Eine Voranmeldung f\u00fcr einen Tag ist ebenfalls m\u00f6glich. Wir empfehlen Ihnen dringend, sich im Voraus anzumelden. Dies gilt auch f\u00fcr einen Tag. Kartenzahlung ist ebenfalls m\u00f6glich. Bei Voranmeldung pro Tag betr\u00e4gt der Preis 9,00 \u20ac.<br>Erm\u00e4\u00dfigung: 0,50 \u20ac pro Tag f\u00fcr KWBN- und SGWB-Mitglieder.<br>Kinder bis 15 Jahre haben in Begleitung eines Erwachsenen freien Eintritt.<br>Hier anmelden.<\/p>\n\n\n\n<p>Nach Anmeldung<br>Nach Anmeldung 9,50 \u20ac pro Tag. Diese ist t\u00e4glich an der Kasse m\u00f6glich.<br>Erm\u00e4\u00dfigung: 0,50 \u20ac pro Tag f\u00fcr KWBN- und SGWB-Mitglieder.<\/p>\n\n\n\n<p>Gef\u00fchrte Gruppenwanderung.<br>Sie k\u00f6nnen in einer Gruppe mit einem F\u00fchrer wandern. Dies gilt f\u00fcr die 10-km- und 15-km-Strecken. Startzeit: 10:00 Uhr.<\/p>\n\n\n\n<p>GPX-Routendateien<br>Nach der Anmeldung k\u00f6nnen Sie die GPS-Dateien (Ihre angegebene Kilometerstrecke) per E-Mail an info@sportwandelschool.nl anfordern.<\/p>\n","protected":false},"excerpt":{"rendered":"<p>Registrierungs link (Deutsche Sprache) VoranmeldungSie k\u00f6nnen sich bis zum 25. September 2026 vorregistrieren. Start und Ziel sind von 8:30 bis 17:00 Uhr ge\u00f6ffnet. Mit Voranmeldung ist auch eine tageweise Teilnahme m\u00f6glich. Voranmeldung: Anmeldung. (demn\u00e4chst verf\u00fcgbar)Nach der Anmeldung: Nur am Start m\u00f6glich. Die Online-Anmeldung ist bis zum 25. September 2025 m\u00f6glich.Sie k\u00f6nnen sich auch tageweise vorregistrieren.Am &hellip; <a href=\"https:\/\/w4dschoorl.nl\/index.php\/einschreibung\/\" class=\"more-link\">Lees verder <span class=\"screen-reader-text\">&#8220;Einschreibung&#8221;<\/span><\/a><\/p>\n","protected":false},"author":2,"featured_media":0,"parent":0,"menu_order":0,"comment_status":"closed","ping_status":"closed","template":"","meta":{"_seopress_robots_primary_cat":"","_seopress_titles_title":"","_seopress_titles_desc":"","_seopress_robots_index":"","footnotes":""},"class_list":["post-326","page","type-page","status-publish","hentry"],"_links":{"self":[{"href":"https:\/\/w4dschoorl.nl\/index.php\/wp-json\/wp\/v2\/pages\/326","targetHints":{"allow":["GET"]}}],"collection":[{"href":"https:\/\/w4dschoorl.nl\/index.php\/wp-json\/wp\/v2\/pages"}],"about":[{"href":"https:\/\/w4dschoorl.nl\/index.php\/wp-json\/wp\/v2\/types\/page"}],"author":[{"embeddable":true,"href":"https:\/\/w4dschoorl.nl\/index.php\/wp-json\/wp\/v2\/users\/2"}],"replies":[{"embeddable":true,"href":"https:\/\/w4dschoorl.nl\/index.php\/wp-json\/wp\/v2\/comments?post=326"}],"version-history":[{"count":2,"href":"https:\/\/w4dschoorl.nl\/index.php\/wp-json\/wp\/v2\/pages\/326\/revisions"}],"predecessor-version":[{"id":332,"href":"https:\/\/w4dschoorl.nl\/index.php\/wp-json\/wp\/v2\/pages\/326\/revisions\/332"}],"wp:attachment":[{"href":"https:\/\/w4dschoorl.nl\/index.php\/wp-json\/wp\/v2\/media?parent=326"}],"curies":[{"name":"wp","href":"https:\/\/api.w.org\/{rel}","templated":true}]}}